{"id":51,"date":"2023-04-17T22:29:26","date_gmt":"2023-04-17T22:29:26","guid":{"rendered":"https:\/\/eclipse2024.geofisica.unam.mx\/?page_id=51"},"modified":"2023-04-21T10:23:02","modified_gmt":"2023-04-21T04:23:02","slug":"tipos-de-eclipse","status":"publish","type":"page","link":"https:\/\/eclipse2024.geofisica.unam.mx\/index.php\/tipos-de-eclipse\/","title":{"rendered":"Tipos de eclipse"},"content":{"rendered":"\t\t<div data-elementor-type=\"wp-page\" data-elementor-id=\"51\" class=\"elementor elementor-51\" data-elementor-post-type=\"page\">\n\t\t\t\t\t\t<section class=\"elementor-section elementor-top-section elementor-element elementor-element-756013e elementor-section-boxed elementor-section-height-default elementor-section-height-default\" data-id=\"756013e\" data-element_type=\"section\">\n\t\t\t\t\t\t<div class=\"elementor-container elementor-column-gap-default\">\n\t\t\t\t\t<div class=\"elementor-column elementor-col-100 elementor-top-column elementor-element elementor-element-bd8c25f\" data-id=\"bd8c25f\" data-element_type=\"column\">\n\t\t\t<div class=\"elementor-widget-wrap elementor-element-populated\">\n\t\t\t\t\t\t<div class=\"elementor-element elementor-element-05e567c elementor-widget elementor-widget-heading\" data-id=\"05e567c\" data-element_type=\"widget\" data-widget_type=\"heading.default\">\n\t\t\t\t<div class=\"elementor-widget-container\">\n\t\t\t<style>\/*! elementor - v3.20.0 - 26-03-2024 *\/\n.elementor-heading-title{padding:0;margin:0;line-height:1}.elementor-widget-heading .elementor-heading-title[class*=elementor-size-]>a{color:inherit;font-size:inherit;line-height:inherit}.elementor-widget-heading .elementor-heading-title.elementor-size-small{font-size:15px}.elementor-widget-heading .elementor-heading-title.elementor-size-medium{font-size:19px}.elementor-widget-heading .elementor-heading-title.elementor-size-large{font-size:29px}.elementor-widget-heading .elementor-heading-title.elementor-size-xl{font-size:39px}.elementor-widget-heading .elementor-heading-title.elementor-size-xxl{font-size:59px}<\/style><h2 class=\"elementor-heading-title elementor-size-default\">Eclipse solar<\/h2>\t\t<\/div>\n\t\t\t\t<\/div>\n\t\t\t\t<section class=\"elementor-section elementor-inner-section elementor-element elementor-element-96b1f6a elementor-section-boxed elementor-section-height-default elementor-section-height-default\" data-id=\"96b1f6a\" data-element_type=\"section\">\n\t\t\t\t\t\t<div class=\"elementor-container elementor-column-gap-default\">\n\t\t\t\t\t<div class=\"elementor-column elementor-col-100 elementor-inner-column elementor-element elementor-element-6d953f3\" data-id=\"6d953f3\" data-element_type=\"column\">\n\t\t\t<div class=\"elementor-widget-wrap elementor-element-populated\">\n\t\t\t\t\t\t<div class=\"elementor-element elementor-element-1fd9bb5 elementor-widget elementor-widget-image\" data-id=\"1fd9bb5\" data-element_type=\"widget\" data-widget_type=\"image.default\">\n\t\t\t\t<div class=\"elementor-widget-container\">\n\t\t\t<style>\/*! elementor - v3.20.0 - 26-03-2024 *\/\n.elementor-widget-image{text-align:center}.elementor-widget-image a{display:inline-block}.elementor-widget-image a img[src$=\".svg\"]{width:48px}.elementor-widget-image img{vertical-align:middle;display:inline-block}<\/style>\t\t\t\t\t\t\t\t\t\t<img fetchpriority=\"high\" decoding=\"async\" width=\"900\" height=\"304\" src=\"https:\/\/eclipse2024.geofisica.unam.mx\/wp-content\/uploads\/2023\/04\/Eclipses-solares.jpg\" class=\"attachment-full size-full wp-image-59\" alt=\"\" srcset=\"https:\/\/eclipse2024.geofisica.unam.mx\/wp-content\/uploads\/2023\/04\/Eclipses-solares.jpg 900w, https:\/\/eclipse2024.geofisica.unam.mx\/wp-content\/uploads\/2023\/04\/Eclipses-solares-300x101.jpg 300w, https:\/\/eclipse2024.geofisica.unam.mx\/wp-content\/uploads\/2023\/04\/Eclipses-solares-768x259.jpg 768w\" sizes=\"100vw\" \/>\t\t\t\t\t\t\t\t\t\t\t\t\t<\/div>\n\t\t\t\t<\/div>\n\t\t\t\t<div class=\"elementor-element elementor-element-ee93e2b elementor-widget elementor-widget-text-editor\" data-id=\"ee93e2b\" data-element_type=\"widget\" data-widget_type=\"text-editor.default\">\n\t\t\t\t<div class=\"elementor-widget-container\">\n\t\t\t<style>\/*! elementor - v3.20.0 - 26-03-2024 *\/\n.elementor-widget-text-editor.elementor-drop-cap-view-stacked .elementor-drop-cap{background-color:#69727d;color:#fff}.elementor-widget-text-editor.elementor-drop-cap-view-framed .elementor-drop-cap{color:#69727d;border:3px solid;background-color:transparent}.elementor-widget-text-editor:not(.elementor-drop-cap-view-default) .elementor-drop-cap{margin-top:8px}.elementor-widget-text-editor:not(.elementor-drop-cap-view-default) .elementor-drop-cap-letter{width:1em;height:1em}.elementor-widget-text-editor .elementor-drop-cap{float:left;text-align:center;line-height:1;font-size:50px}.elementor-widget-text-editor .elementor-drop-cap-letter{display:inline-block}<\/style>\t\t\t\t<p><strong>Figura 1<\/strong>: Diferentes tipos de eclipses solares: eclipse total (izquierda), eclipse anular (centro) y eclipse parcial (derecha). Fuente: Solar System Exploration, NASA, https:\/\/solarsystem.nasa.gov\/eclipses\/about-eclipses\/types\/<\/p>\t\t\t\t\t\t<\/div>\n\t\t\t\t<\/div>\n\t\t\t\t\t<\/div>\n\t\t<\/div>\n\t\t\t\t\t<\/div>\n\t\t<\/section>\n\t\t\t\t<div class=\"elementor-element elementor-element-e84caf2 elementor-widget elementor-widget-text-editor\" data-id=\"e84caf2\" data-element_type=\"widget\" data-widget_type=\"text-editor.default\">\n\t\t\t\t<div class=\"elementor-widget-container\">\n\t\t\t\t\t\t\t<p class=\"p1\">Cuando la Luna cubre completamente al Sol, hablamos del <strong>eclipse solar total<\/strong>. En este caso, la sombra de la Luna, llamada la umbra, cae sobre una peque\u00f1a superficie de la Tierra. Cuando la Luna tapa solamente una parte del Sol, hablamos de un <strong>eclipse solar parcial<\/strong>\u00a0 y lo que cae sobre la superficie de la Tierra es su semi sombra o la penumbra. Debido a que la Tierra rota y a que la Luna se mueve alrededor de ella, la sombra de la Luna viaja sobre la superficie terrestre a lo largo de un camino de unas cuantas decenas de kil\u00f3metros de ancho. Por otro lado, el ancho de la penumbra es mucho mayor, ya que puede medir varios miles de kil\u00f3metros. Cuando ocurre un eclipse solar total, este puede observarse de una regi\u00f3n en la Tierra\u00a0 peque\u00f1a. Durante el mismo evento, el eclipse parcial puede observarse de una regi\u00f3n de la Tierra much\u00edsimo mayor.<\/p><p>La \u00f3rbita de la Luna alrededor de nuestro planeta no es un c\u00edrculo, sino que es un poco alargada; por esta raz\u00f3n, el tama\u00f1o aparente de nuestro sat\u00e9lite var\u00eda a lo largo de su \u00f3rbita. Cuando la Luna est\u00e1 m\u00e1s lejos de la Tierra, su tama\u00f1o aparente es menor y cuando est\u00e1 m\u00e1s cerca, es mayor. Cuando la Luna se encuentra a mayor distancia de nuestro planeta, su tama\u00f1o aparente es menor al del Sol. Si durante un tiempo as\u00ed ocurre un eclipse solar, la Luna no logra tapar el Sol de manera total, sino que alrededor de ella aparece un &#8220;anillo de fuego&#8221;; entonces en la Tierra observamos el llamado <strong>eclipse solar anular<\/strong>. A la sombra que cae sobre la superficie terrestre se le denomina como la antumbra.<\/p>\t\t\t\t\t\t<\/div>\n\t\t\t\t<\/div>\n\t\t\t\t<div class=\"elementor-element elementor-element-5ec14a1 elementor-widget elementor-widget-image\" data-id=\"5ec14a1\" data-element_type=\"widget\" data-widget_type=\"image.default\">\n\t\t\t\t<div class=\"elementor-widget-container\">\n\t\t\t\t\t\t\t\t\t\t\t\t\t<img decoding=\"async\" width=\"900\" height=\"364\" src=\"https:\/\/eclipse2024.geofisica.unam.mx\/wp-content\/uploads\/2023\/04\/eclipse-de-sol.jpg\" class=\"attachment-large size-large wp-image-54\" alt=\"\" srcset=\"https:\/\/eclipse2024.geofisica.unam.mx\/wp-content\/uploads\/2023\/04\/eclipse-de-sol.jpg 900w, https:\/\/eclipse2024.geofisica.unam.mx\/wp-content\/uploads\/2023\/04\/eclipse-de-sol-300x121.jpg 300w, https:\/\/eclipse2024.geofisica.unam.mx\/wp-content\/uploads\/2023\/04\/eclipse-de-sol-768x311.jpg 768w\" sizes=\"100vw\" \/>\t\t\t\t\t\t\t\t\t\t\t\t\t<\/div>\n\t\t\t\t<\/div>\n\t\t\t\t<div class=\"elementor-element elementor-element-5c3bfcd elementor-widget elementor-widget-text-editor\" data-id=\"5c3bfcd\" data-element_type=\"widget\" data-widget_type=\"text-editor.default\">\n\t\t\t\t<div class=\"elementor-widget-container\">\n\t\t\t\t\t\t\t<p><strong>Figura 2.<\/strong> Eclipse solar<\/p>\t\t\t\t\t\t<\/div>\n\t\t\t\t<\/div>\n\t\t\t\t\t<\/div>\n\t\t<\/div>\n\t\t\t\t\t<\/div>\n\t\t<\/section>\n\t\t\t\t<section class=\"elementor-section elementor-top-section elementor-element elementor-element-de55e9f elementor-section-boxed elementor-section-height-default elementor-section-height-default\" data-id=\"de55e9f\" data-element_type=\"section\">\n\t\t\t\t\t\t<div class=\"elementor-container elementor-column-gap-default\">\n\t\t\t\t\t<div class=\"elementor-column elementor-col-100 elementor-top-column elementor-element elementor-element-f093e21\" data-id=\"f093e21\" data-element_type=\"column\">\n\t\t\t<div class=\"elementor-widget-wrap elementor-element-populated\">\n\t\t\t\t\t\t<div class=\"elementor-element elementor-element-7140cab elementor-widget elementor-widget-heading\" data-id=\"7140cab\" data-element_type=\"widget\" data-widget_type=\"heading.default\">\n\t\t\t\t<div class=\"elementor-widget-container\">\n\t\t\t<h2 class=\"elementor-heading-title elementor-size-default\">Eclipse lunar<\/h2>\t\t<\/div>\n\t\t\t\t<\/div>\n\t\t\t\t<section class=\"elementor-section elementor-inner-section elementor-element elementor-element-e546d0c elementor-section-boxed elementor-section-height-default elementor-section-height-default\" data-id=\"e546d0c\" data-element_type=\"section\">\n\t\t\t\t\t\t<div class=\"elementor-container elementor-column-gap-default\">\n\t\t\t\t\t<div class=\"elementor-column elementor-col-100 elementor-inner-column elementor-element elementor-element-7f8737d\" data-id=\"7f8737d\" data-element_type=\"column\">\n\t\t\t<div class=\"elementor-widget-wrap elementor-element-populated\">\n\t\t\t\t\t\t<div class=\"elementor-element elementor-element-77d0cbd elementor-widget elementor-widget-image\" data-id=\"77d0cbd\" data-element_type=\"widget\" data-widget_type=\"image.default\">\n\t\t\t\t<div class=\"elementor-widget-container\">\n\t\t\t\t\t\t\t\t\t\t\t\t\t<img decoding=\"async\" width=\"900\" height=\"304\" src=\"https:\/\/eclipse2024.geofisica.unam.mx\/wp-content\/uploads\/2023\/04\/Eclipses-lunares.jpg\" class=\"attachment-full size-full wp-image-61\" alt=\"\" srcset=\"https:\/\/eclipse2024.geofisica.unam.mx\/wp-content\/uploads\/2023\/04\/Eclipses-lunares.jpg 900w, https:\/\/eclipse2024.geofisica.unam.mx\/wp-content\/uploads\/2023\/04\/Eclipses-lunares-300x101.jpg 300w, https:\/\/eclipse2024.geofisica.unam.mx\/wp-content\/uploads\/2023\/04\/Eclipses-lunares-768x259.jpg 768w\" sizes=\"100vw\" \/>\t\t\t\t\t\t\t\t\t\t\t\t\t<\/div>\n\t\t\t\t<\/div>\n\t\t\t\t<div class=\"elementor-element elementor-element-dd54a9a elementor-widget elementor-widget-text-editor\" data-id=\"dd54a9a\" data-element_type=\"widget\" data-widget_type=\"text-editor.default\">\n\t\t\t\t<div class=\"elementor-widget-container\">\n\t\t\t\t\t\t\t<p><strong>Figura 3:\u00a0 <\/strong>Eclipse lunar. Fuente: Total lunar eclipse, NASA, https:\/\/www.nasa.gov\/audience\/forstudents\/k-4\/stories\/total-lunar-eclipse<\/p>\t\t\t\t\t\t<\/div>\n\t\t\t\t<\/div>\n\t\t\t\t\t<\/div>\n\t\t<\/div>\n\t\t\t\t\t<\/div>\n\t\t<\/section>\n\t\t\t\t<div class=\"elementor-element elementor-element-0ac0934 elementor-widget elementor-widget-text-editor\" data-id=\"0ac0934\" data-element_type=\"widget\" data-widget_type=\"text-editor.default\">\n\t\t\t\t<div class=\"elementor-widget-container\">\n\t\t\t\t\t\t\t<p>Durante un <strong><em>eclipse lunar total,<\/em><\/strong> la Luna no oscurece por completo, sino que se pinta de color rojizo. La raz\u00f3n de esto es la atm\u00f3sfera terrestre que disipa la luz proveniente del Sol. Diferentes colores que la componen se disipan de diferentes formas. Los colores azul y violeta se disipan m\u00e1s, por lo que quedan removidos. Los colores rojo y naranja se disipan menos y pueden atravesar la atm\u00f3sfera. Dentro de ella, la direcci\u00f3n de propagaci\u00f3n de esta luz cambia, por lo que esta rodea la Tierra y cuando sale de la atm\u00f3sfera, entra en la sombra de la Tierra e ilumina la superficie lunar durante los eclipses<\/p>\t\t\t\t\t\t<\/div>\n\t\t\t\t<\/div>\n\t\t\t\t<div class=\"elementor-element elementor-element-da1a3e1 elementor-widget elementor-widget-image\" data-id=\"da1a3e1\" data-element_type=\"widget\" data-widget_type=\"image.default\">\n\t\t\t\t<div class=\"elementor-widget-container\">\n\t\t\t\t\t\t\t\t\t\t\t\t\t<img loading=\"lazy\" decoding=\"async\" width=\"900\" height=\"364\" src=\"https:\/\/eclipse2024.geofisica.unam.mx\/wp-content\/uploads\/2023\/04\/Eclipse-de-luna-1.jpg\" class=\"attachment-large size-large wp-image-60\" alt=\"\" srcset=\"https:\/\/eclipse2024.geofisica.unam.mx\/wp-content\/uploads\/2023\/04\/Eclipse-de-luna-1.jpg 900w, https:\/\/eclipse2024.geofisica.unam.mx\/wp-content\/uploads\/2023\/04\/Eclipse-de-luna-1-300x121.jpg 300w, https:\/\/eclipse2024.geofisica.unam.mx\/wp-content\/uploads\/2023\/04\/Eclipse-de-luna-1-768x311.jpg 768w\" sizes=\"100vw\" \/>\t\t\t\t\t\t\t\t\t\t\t\t\t<\/div>\n\t\t\t\t<\/div>\n\t\t\t\t<div class=\"elementor-element elementor-element-0114c9a elementor-widget elementor-widget-text-editor\" data-id=\"0114c9a\" data-element_type=\"widget\" data-widget_type=\"text-editor.default\">\n\t\t\t\t<div class=\"elementor-widget-container\">\n\t\t\t\t\t\t\t<p><b>Figura 4<\/b>: Eclipse de luna<\/p>\t\t\t\t\t\t<\/div>\n\t\t\t\t<\/div>\n\t\t\t\t\t<\/div>\n\t\t<\/div>\n\t\t\t\t\t<\/div>\n\t\t<\/section>\n\t\t\t\t<section class=\"elementor-section elementor-top-section elementor-element elementor-element-712ac09 elementor-section-boxed elementor-section-height-default elementor-section-height-default\" data-id=\"712ac09\" data-element_type=\"section\">\n\t\t\t\t\t\t<div class=\"elementor-container elementor-column-gap-default\">\n\t\t\t\t\t<div class=\"elementor-column elementor-col-100 elementor-top-column elementor-element elementor-element-d9f45c4\" data-id=\"d9f45c4\" data-element_type=\"column\">\n\t\t\t<div class=\"elementor-widget-wrap elementor-element-populated\">\n\t\t\t\t\t\t<div class=\"elementor-element elementor-element-29b3d42 elementor-widget elementor-widget-text-editor\" data-id=\"29b3d42\" data-element_type=\"widget\" data-widget_type=\"text-editor.default\">\n\t\t\t\t<div class=\"elementor-widget-container\">\n\t\t\t\t\t\t\t<div id=\"timer\"><\/div>\t\t\t\t\t\t<\/div>\n\t\t\t\t<\/div>\n\t\t\t\t\t<\/div>\n\t\t<\/div>\n\t\t\t\t\t<\/div>\n\t\t<\/section>\n\t\t\t\t<\/div>\n\t\t","protected":false},"excerpt":{"rendered":"<p>Eclipse solar Figura 1: Diferentes tipos de eclipses solares: eclipse total (izquierda), eclipse anular (centro) y eclipse parcial (derecha). Fuente: Solar System Exploration, NASA, https:\/\/solarsystem.nasa.gov\/eclipses\/about-eclipses\/types\/ Cuando la Luna cubre completamente al Sol, hablamos del eclipse solar total. En este caso, la sombra de la Luna, llamada la umbra, cae sobre una peque\u00f1a superficie de la &hellip; <\/p>\n<p class=\"link-more\"><a href=\"https:\/\/eclipse2024.geofisica.unam.mx\/index.php\/tipos-de-eclipse\/\" class=\"more-link\">Leer m\u00e1s<span class=\"screen-reader-text\"> \u00abTipos de eclipse\u00bb<\/span><\/a><\/p>\n","protected":false},"author":1,"featured_media":56,"parent":0,"menu_order":0,"comment_status":"closed","ping_status":"closed","template":"","meta":[],"_links":{"self":[{"href":"https:\/\/eclipse2024.geofisica.unam.mx\/index.php\/wp-json\/wp\/v2\/pages\/51"}],"collection":[{"href":"https:\/\/eclipse2024.geofisica.unam.mx\/index.php\/wp-json\/wp\/v2\/pages"}],"about":[{"href":"https:\/\/eclipse2024.geofisica.unam.mx\/index.php\/wp-json\/wp\/v2\/types\/page"}],"author":[{"embeddable":true,"href":"https:\/\/eclipse2024.geofisica.unam.mx\/index.php\/wp-json\/wp\/v2\/users\/1"}],"replies":[{"embeddable":true,"href":"https:\/\/eclipse2024.geofisica.unam.mx\/index.php\/wp-json\/wp\/v2\/comments?post=51"}],"version-history":[{"count":23,"href":"https:\/\/eclipse2024.geofisica.unam.mx\/index.php\/wp-json\/wp\/v2\/pages\/51\/revisions"}],"predecessor-version":[{"id":198,"href":"https:\/\/eclipse2024.geofisica.unam.mx\/index.php\/wp-json\/wp\/v2\/pages\/51\/revisions\/198"}],"wp:featuredmedia":[{"embeddable":true,"href":"https:\/\/eclipse2024.geofisica.unam.mx\/index.php\/wp-json\/wp\/v2\/media\/56"}],"wp:attachment":[{"href":"https:\/\/eclipse2024.geofisica.unam.mx\/index.php\/wp-json\/wp\/v2\/media?parent=51"}],"curies":[{"name":"wp","href":"https:\/\/api.w.org\/{rel}","templated":true}]}}