{"id":394,"date":"2023-09-21T21:58:16","date_gmt":"2023-09-21T15:58:16","guid":{"rendered":"https:\/\/eclipse2024.geofisica.unam.mx\/?page_id=394"},"modified":"2023-10-12T07:09:46","modified_gmt":"2023-10-12T01:09:46","slug":"galeria","status":"publish","type":"page","link":"https:\/\/eclipse2024.geofisica.unam.mx\/index.php\/galeria\/","title":{"rendered":"Galer\u00eda"},"content":{"rendered":"\t\t<div data-elementor-type=\"wp-page\" data-elementor-id=\"394\" class=\"elementor elementor-394\" data-elementor-post-type=\"page\">\n\t\t\t\t\t\t<section class=\"elementor-section elementor-top-section elementor-element elementor-element-25f4418 elementor-section-full_width elementor-section-stretched elementor-section-height-default elementor-section-height-default\" data-id=\"25f4418\" data-element_type=\"section\" data-settings=\"{&quot;stretch_section&quot;:&quot;section-stretched&quot;}\">\n\t\t\t\t\t\t<div class=\"elementor-container elementor-column-gap-default\">\n\t\t\t\t\t<div class=\"elementor-column elementor-col-100 elementor-top-column elementor-element elementor-element-9d4e6b8\" data-id=\"9d4e6b8\" data-element_type=\"column\">\n\t\t\t<div class=\"elementor-widget-wrap elementor-element-populated\">\n\t\t\t\t\t\t<div class=\"elementor-element elementor-element-f21ffb6 elementor-widget elementor-widget-heading\" data-id=\"f21ffb6\" data-element_type=\"widget\" data-widget_type=\"heading.default\">\n\t\t\t\t<div class=\"elementor-widget-container\">\n\t\t\t<style>\/*! elementor - v3.20.0 - 26-03-2024 *\/\n.elementor-heading-title{padding:0;margin:0;line-height:1}.elementor-widget-heading .elementor-heading-title[class*=elementor-size-]>a{color:inherit;font-size:inherit;line-height:inherit}.elementor-widget-heading .elementor-heading-title.elementor-size-small{font-size:15px}.elementor-widget-heading .elementor-heading-title.elementor-size-medium{font-size:19px}.elementor-widget-heading .elementor-heading-title.elementor-size-large{font-size:29px}.elementor-widget-heading .elementor-heading-title.elementor-size-xl{font-size:39px}.elementor-widget-heading .elementor-heading-title.elementor-size-xxl{font-size:59px}<\/style><h3 class=\"elementor-heading-title elementor-size-default\">El Instituto de Geof\u00edsica realiza actividades de divulgaci\u00f3n en las instalaciones del Sistema de Transporte Colectivo Metro<\/h3>\t\t<\/div>\n\t\t\t\t<\/div>\n\t\t\t\t<div class=\"elementor-element elementor-element-68b4ac4 elementor-widget elementor-widget-text-editor\" data-id=\"68b4ac4\" data-element_type=\"widget\" data-widget_type=\"text-editor.default\">\n\t\t\t\t<div class=\"elementor-widget-container\">\n\t\t\t<style>\/*! elementor - v3.20.0 - 26-03-2024 *\/\n.elementor-widget-text-editor.elementor-drop-cap-view-stacked .elementor-drop-cap{background-color:#69727d;color:#fff}.elementor-widget-text-editor.elementor-drop-cap-view-framed .elementor-drop-cap{color:#69727d;border:3px solid;background-color:transparent}.elementor-widget-text-editor:not(.elementor-drop-cap-view-default) .elementor-drop-cap{margin-top:8px}.elementor-widget-text-editor:not(.elementor-drop-cap-view-default) .elementor-drop-cap-letter{width:1em;height:1em}.elementor-widget-text-editor .elementor-drop-cap{float:left;text-align:center;line-height:1;font-size:50px}.elementor-widget-text-editor .elementor-drop-cap-letter{display:inline-block}<\/style>\t\t\t\t<p style=\"text-align: center;\">Conoce nuestra nuestra experiencia en las galer\u00edas<\/p>\t\t\t\t\t\t<\/div>\n\t\t\t\t<\/div>\n\t\t\t\t<section class=\"elementor-section elementor-inner-section elementor-element elementor-element-75258fc elementor-section-boxed elementor-section-height-default elementor-section-height-default\" data-id=\"75258fc\" data-element_type=\"section\">\n\t\t\t\t\t\t<div class=\"elementor-container elementor-column-gap-default\">\n\t\t\t\t\t<div class=\"elementor-column elementor-col-33 elementor-inner-column elementor-element elementor-element-e32a185\" data-id=\"e32a185\" data-element_type=\"column\">\n\t\t\t<div class=\"elementor-widget-wrap elementor-element-populated\">\n\t\t\t\t\t\t<div class=\"elementor-element elementor-element-61edf34 elementor-widget elementor-widget-image\" data-id=\"61edf34\" data-element_type=\"widget\" data-widget_type=\"image.default\">\n\t\t\t\t<div class=\"elementor-widget-container\">\n\t\t\t<style>\/*! elementor - v3.20.0 - 26-03-2024 *\/\n.elementor-widget-image{text-align:center}.elementor-widget-image a{display:inline-block}.elementor-widget-image a img[src$=\".svg\"]{width:48px}.elementor-widget-image img{vertical-align:middle;display:inline-block}<\/style>\t\t\t\t\t\t\t\t\t\t\t<a href=\"https:\/\/eclipse2024.geofisica.unam.mx\/index.php\/igef-en-el-metro\/\">\n\t\t\t\t\t\t\t<img fetchpriority=\"high\" decoding=\"async\" width=\"950\" height=\"634\" src=\"https:\/\/eclipse2024.geofisica.unam.mx\/wp-content\/uploads\/2023\/09\/DSC_0114-1024x683.jpg\" class=\"elementor-animation-push attachment-large size-large wp-image-379\" alt=\"\" srcset=\"https:\/\/eclipse2024.geofisica.unam.mx\/wp-content\/uploads\/2023\/09\/DSC_0114-1024x683.jpg 1024w, https:\/\/eclipse2024.geofisica.unam.mx\/wp-content\/uploads\/2023\/09\/DSC_0114-300x200.jpg 300w, https:\/\/eclipse2024.geofisica.unam.mx\/wp-content\/uploads\/2023\/09\/DSC_0114-768x512.jpg 768w, https:\/\/eclipse2024.geofisica.unam.mx\/wp-content\/uploads\/2023\/09\/DSC_0114.jpg 1080w\" sizes=\"100vw\" \/>\t\t\t\t\t\t\t\t<\/a>\n\t\t\t\t\t\t\t\t\t\t\t\t\t<\/div>\n\t\t\t\t<\/div>\n\t\t\t\t<div class=\"elementor-element elementor-element-b92e609 elementor-button-success elementor-widget elementor-widget-button\" data-id=\"b92e609\" data-element_type=\"widget\" data-widget_type=\"button.default\">\n\t\t\t\t<div class=\"elementor-widget-container\">\n\t\t\t\t\t<div class=\"elementor-button-wrapper\">\n\t\t\t<a class=\"elementor-button elementor-button-link elementor-size-sm\" href=\"https:\/\/eclipse2024.geofisica.unam.mx\/index.php\/igef-en-el-metro\/\">\n\t\t\t\t\t\t<span class=\"elementor-button-content-wrapper\">\n\t\t\t\t\t\t<span class=\"elementor-button-text\">Haz clic aqu\u00ed<\/span>\n\t\t<\/span>\n\t\t\t\t\t<\/a>\n\t\t<\/div>\n\t\t\t\t<\/div>\n\t\t\t\t<\/div>\n\t\t\t\t<div class=\"elementor-element elementor-element-50b470f elementor-widget elementor-widget-text-editor\" data-id=\"50b470f\" data-element_type=\"widget\" data-widget_type=\"text-editor.default\">\n\t\t\t\t<div class=\"elementor-widget-container\">\n\t\t\t\t\t\t\t<p style=\"text-align: center;\"><strong>Galer\u00eda del 20 de septiembre<\/strong><\/p>\t\t\t\t\t\t<\/div>\n\t\t\t\t<\/div>\n\t\t\t\t\t<\/div>\n\t\t<\/div>\n\t\t\t\t<div class=\"elementor-column elementor-col-33 elementor-inner-column elementor-element elementor-element-fc7025e\" data-id=\"fc7025e\" data-element_type=\"column\">\n\t\t\t<div class=\"elementor-widget-wrap elementor-element-populated\">\n\t\t\t\t\t\t<div class=\"elementor-element elementor-element-02d8070 elementor-widget elementor-widget-image\" data-id=\"02d8070\" data-element_type=\"widget\" data-widget_type=\"image.default\">\n\t\t\t\t<div class=\"elementor-widget-container\">\n\t\t\t\t\t\t\t\t\t\t\t\t\t\t<a href=\"https:\/\/eclipse2024.geofisica.unam.mx\/index.php\/igef-en-el-metro-6-sep\/\">\n\t\t\t\t\t\t\t<img decoding=\"async\" width=\"950\" height=\"633\" src=\"https:\/\/eclipse2024.geofisica.unam.mx\/wp-content\/uploads\/2023\/09\/Eclipse-20243849-1024x682.jpg\" class=\"elementor-animation-push attachment-large size-large wp-image-340\" alt=\"\" srcset=\"https:\/\/eclipse2024.geofisica.unam.mx\/wp-content\/uploads\/2023\/09\/Eclipse-20243849-1024x682.jpg 1024w, https:\/\/eclipse2024.geofisica.unam.mx\/wp-content\/uploads\/2023\/09\/Eclipse-20243849-300x200.jpg 300w, https:\/\/eclipse2024.geofisica.unam.mx\/wp-content\/uploads\/2023\/09\/Eclipse-20243849-768x512.jpg 768w, https:\/\/eclipse2024.geofisica.unam.mx\/wp-content\/uploads\/2023\/09\/Eclipse-20243849.jpg 1220w\" sizes=\"100vw\" \/>\t\t\t\t\t\t\t\t<\/a>\n\t\t\t\t\t\t\t\t\t\t\t\t\t<\/div>\n\t\t\t\t<\/div>\n\t\t\t\t<div class=\"elementor-element elementor-element-d672d1d elementor-button-success elementor-widget elementor-widget-button\" data-id=\"d672d1d\" data-element_type=\"widget\" data-widget_type=\"button.default\">\n\t\t\t\t<div class=\"elementor-widget-container\">\n\t\t\t\t\t<div class=\"elementor-button-wrapper\">\n\t\t\t<a class=\"elementor-button elementor-button-link elementor-size-sm\" href=\"https:\/\/eclipse2024.geofisica.unam.mx\/index.php\/igef-en-el-metro-6-sep\/\">\n\t\t\t\t\t\t<span class=\"elementor-button-content-wrapper\">\n\t\t\t\t\t\t<span class=\"elementor-button-text\">Haz clic aqu\u00ed<\/span>\n\t\t<\/span>\n\t\t\t\t\t<\/a>\n\t\t<\/div>\n\t\t\t\t<\/div>\n\t\t\t\t<\/div>\n\t\t\t\t<div class=\"elementor-element elementor-element-d534b33 elementor-widget elementor-widget-text-editor\" data-id=\"d534b33\" data-element_type=\"widget\" data-widget_type=\"text-editor.default\">\n\t\t\t\t<div class=\"elementor-widget-container\">\n\t\t\t\t\t\t\t<p style=\"text-align: center;\"><strong>Galer\u00eda del 6 de septiembre<\/strong><\/p>\t\t\t\t\t\t<\/div>\n\t\t\t\t<\/div>\n\t\t\t\t\t<\/div>\n\t\t<\/div>\n\t\t\t\t<div class=\"elementor-column elementor-col-33 elementor-inner-column elementor-element elementor-element-18b3acf\" data-id=\"18b3acf\" data-element_type=\"column\">\n\t\t\t<div class=\"elementor-widget-wrap elementor-element-populated\">\n\t\t\t\t\t\t<div class=\"elementor-element elementor-element-0245f03 elementor-widget elementor-widget-image\" data-id=\"0245f03\" data-element_type=\"widget\" data-widget_type=\"image.default\">\n\t\t\t\t<div class=\"elementor-widget-container\">\n\t\t\t\t\t\t\t\t\t\t\t\t\t\t<a href=\"https:\/\/eclipse2024.geofisica.unam.mx\/index.php\/igef-en-el-metro-4-oct\/\">\n\t\t\t\t\t\t\t<img decoding=\"async\" width=\"950\" height=\"634\" src=\"https:\/\/eclipse2024.geofisica.unam.mx\/wp-content\/uploads\/2023\/10\/Geofsica-en-el-metro-28-1024x683.jpg\" class=\"elementor-animation-push attachment-large size-large wp-image-454\" alt=\"\" srcset=\"https:\/\/eclipse2024.geofisica.unam.mx\/wp-content\/uploads\/2023\/10\/Geofsica-en-el-metro-28-1024x683.jpg 1024w, https:\/\/eclipse2024.geofisica.unam.mx\/wp-content\/uploads\/2023\/10\/Geofsica-en-el-metro-28-300x200.jpg 300w, https:\/\/eclipse2024.geofisica.unam.mx\/wp-content\/uploads\/2023\/10\/Geofsica-en-el-metro-28-768x512.jpg 768w, https:\/\/eclipse2024.geofisica.unam.mx\/wp-content\/uploads\/2023\/10\/Geofsica-en-el-metro-28-1536x1024.jpg 1536w, https:\/\/eclipse2024.geofisica.unam.mx\/wp-content\/uploads\/2023\/10\/Geofsica-en-el-metro-28.jpg 1920w\" sizes=\"100vw\" \/>\t\t\t\t\t\t\t\t<\/a>\n\t\t\t\t\t\t\t\t\t\t\t\t\t<\/div>\n\t\t\t\t<\/div>\n\t\t\t\t<div class=\"elementor-element elementor-element-85ac2d3 elementor-button-success elementor-widget elementor-widget-button\" data-id=\"85ac2d3\" data-element_type=\"widget\" data-widget_type=\"button.default\">\n\t\t\t\t<div class=\"elementor-widget-container\">\n\t\t\t\t\t<div class=\"elementor-button-wrapper\">\n\t\t\t<a class=\"elementor-button elementor-button-link elementor-size-sm\" href=\"https:\/\/eclipse2024.geofisica.unam.mx\/index.php\/igef-en-el-metro-4-oct\/\">\n\t\t\t\t\t\t<span class=\"elementor-button-content-wrapper\">\n\t\t\t\t\t\t<span class=\"elementor-button-text\">Haz clic aqu\u00ed<\/span>\n\t\t<\/span>\n\t\t\t\t\t<\/a>\n\t\t<\/div>\n\t\t\t\t<\/div>\n\t\t\t\t<\/div>\n\t\t\t\t<div class=\"elementor-element elementor-element-99c0d43 elementor-widget elementor-widget-text-editor\" data-id=\"99c0d43\" data-element_type=\"widget\" data-widget_type=\"text-editor.default\">\n\t\t\t\t<div class=\"elementor-widget-container\">\n\t\t\t\t\t\t\t<p style=\"text-align: center;\"><strong>Galer\u00eda del 4 de octubre<\/strong><\/p>\t\t\t\t\t\t<\/div>\n\t\t\t\t<\/div>\n\t\t\t\t\t<\/div>\n\t\t<\/div>\n\t\t\t\t\t<\/div>\n\t\t<\/section>\n\t\t\t\t\t<\/div>\n\t\t<\/div>\n\t\t\t\t\t<\/div>\n\t\t<\/section>\n\t\t\t\t<\/div>\n\t\t","protected":false},"excerpt":{"rendered":"<p>El Instituto de Geof\u00edsica realiza actividades de divulgaci\u00f3n en las instalaciones del Sistema de Transporte Colectivo Metro Conoce nuestra nuestra experiencia en las galer\u00edas Haz clic aqu\u00ed Galer\u00eda del 20 de septiembre Haz clic aqu\u00ed Galer\u00eda del 6 de septiembre Haz clic aqu\u00ed Galer\u00eda del 4 de octubre<\/p>\n","protected":false},"author":1,"featured_media":41,"parent":0,"menu_order":0,"comment_status":"closed","ping_status":"closed","template":"","meta":[],"_links":{"self":[{"href":"https:\/\/eclipse2024.geofisica.unam.mx\/index.php\/wp-json\/wp\/v2\/pages\/394"}],"collection":[{"href":"https:\/\/eclipse2024.geofisica.unam.mx\/index.php\/wp-json\/wp\/v2\/pages"}],"about":[{"href":"https:\/\/eclipse2024.geofisica.unam.mx\/index.php\/wp-json\/wp\/v2\/types\/page"}],"author":[{"embeddable":true,"href":"https:\/\/eclipse2024.geofisica.unam.mx\/index.php\/wp-json\/wp\/v2\/users\/1"}],"replies":[{"embeddable":true,"href":"https:\/\/eclipse2024.geofisica.unam.mx\/index.php\/wp-json\/wp\/v2\/comments?post=394"}],"version-history":[{"count":10,"href":"https:\/\/eclipse2024.geofisica.unam.mx\/index.php\/wp-json\/wp\/v2\/pages\/394\/revisions"}],"predecessor-version":[{"id":481,"href":"https:\/\/eclipse2024.geofisica.unam.mx\/index.php\/wp-json\/wp\/v2\/pages\/394\/revisions\/481"}],"wp:featuredmedia":[{"embeddable":true,"href":"https:\/\/eclipse2024.geofisica.unam.mx\/index.php\/wp-json\/wp\/v2\/media\/41"}],"wp:attachment":[{"href":"https:\/\/eclipse2024.geofisica.unam.mx\/index.php\/wp-json\/wp\/v2\/media?parent=394"}],"curies":[{"name":"wp","href":"https:\/\/api.w.org\/{rel}","templated":true}]}}